{"id":138,"date":"2025-04-23T14:57:33","date_gmt":"2025-04-23T12:57:33","guid":{"rendered":"https:\/\/www.boisettradition.com\/?post_type=product&#038;p=138"},"modified":"2025-04-23T14:59:53","modified_gmt":"2025-04-23T12:59:53","slug":"table-chene-massif-copie-6","status":"publish","type":"product","link":"https:\/\/www.boisettradition.com\/index.php\/produit\/table-chene-massif-copie-6\/","title":{"rendered":"Table ch\u00eane massif (Copie)"},"content":{"rendered":"<p>Cette grande table en ch\u00eane massif allie \u00e9l\u00e9gance et robustesse avec son bois noble aux veinures naturelles et son fini soign\u00e9. Son plateau spacieux met en valeur la chaleur du ch\u00eane, tandis que ses pieds solides, au design \u00e9pur\u00e9, apportent une touche contemporaine. Id\u00e9ale pour sublimer une salle \u00e0 manger ou un bureau, elle incarne le mariage parfait entre authenticit\u00e9 et raffinement.<\/p>\n","protected":false},"excerpt":{"rendered":"<p>\u00c9l\u00e9gante et robuste, cette grande table en ch\u00eane massif s\u00e9duit par son bois noble, ses lignes \u00e9pur\u00e9es et son charme intemporel.<\/p>\n","protected":false},"featured_media":139,"comment_status":"open","ping_status":"closed","template":"","meta":{"_acf_changed":false,"site-sidebar-layout":"default","site-content-layout":"","ast-site-content-layout":"default","site-content-style":"default","site-sidebar-style":"default","ast-global-header-display":"","ast-banner-title-visibility":"","ast-main-header-display":"","ast-hfb-above-header-display":"","ast-hfb-below-header-display":"","ast-hfb-mobile-header-display":"","site-post-title":"","ast-breadcrumbs-content":"","ast-featured-img":"","footer-sml-layout":"","ast-disable-related-posts":"","theme-transparent-header-meta":"default","adv-header-id-meta":"","stick-header-meta":"","header-above-stick-meta":"","header-main-stick-meta":"","header-below-stick-meta":"","astra-migrate-meta-layouts":"set","ast-page-background-enabled":"default","ast-page-background-meta":{"desktop":{"background-color":"var(--ast-global-color-5)","background-image":"","background-repeat":"repeat","background-position":"center center","background-size":"auto","background-attachment":"scroll","background-type":"","background-media":"","overlay-type":"","overlay-color":"","overlay-opacity":"","overlay-gradient":""},"tablet":{"background-color":"","background-image":"","background-repeat":"repeat","background-position":"center center","background-size":"auto","background-attachment":"scroll","background-type":"","background-media":"","overlay-type":"","overlay-color":"","overlay-opacity":"","overlay-gradient":""},"mobile":{"background-color":"","background-image":"","background-repeat":"repeat","background-position":"center center","background-size":"auto","background-attachment":"scroll","background-type":"","background-media":"","overlay-type":"","overlay-color":"","overlay-opacity":"","overlay-gradient":""}},"ast-content-background-meta":{"desktop":{"background-color":"var(--ast-global-color-4)","background-image":"","background-repeat":"repeat","background-position":"center center","background-size":"auto","background-attachment":"scroll","background-type":"","background-media":"","overlay-type":"","overlay-color":"","overlay-opacity":"","overlay-gradient":""},"tablet":{"background-color":"var(--ast-global-color-4)","background-image":"","background-repeat":"repeat","background-position":"center center","background-size":"auto","background-attachment":"scroll","background-type":"","background-media":"","overlay-type":"","overlay-color":"","overlay-opacity":"","overlay-gradient":""},"mobile":{"background-color":"var(--ast-global-color-4)","background-image":"","background-repeat":"repeat","background-position":"center center","background-size":"auto","background-attachment":"scroll","background-type":"","background-media":"","overlay-type":"","overlay-color":"","overlay-opacity":"","overlay-gradient":""}}},"product_brand":[],"product_cat":[16],"product_tag":[19,18],"class_list":{"0":"post-138","1":"product","2":"type-product","3":"status-publish","4":"has-post-thumbnail","6":"product_cat-non-classe","7":"product_tag-chene","8":"product_tag-table","9":"desktop-align-left","10":"tablet-align-left","11":"mobile-align-left","13":"first","14":"instock","15":"shipping-taxable","16":"purchasable","17":"product-type-simple"},"acf":[],"yoast_head":"<!-- This site is optimized with the Yoast SEO plugin v27.4 - https:\/\/yoast.com\/product\/yoast-seo-wordpress\/ -->\n<title>Table ch\u00eane massif (Copie) - Bois et Tradition<\/title>\n<meta name=\"description\" content=\"\u00c9l\u00e9gante et robuste, cette grande table en ch\u00eane massif s\u00e9duit par son bois noble, ses lignes \u00e9pur\u00e9es et son charme intemporel.\" \/>\n<meta name=\"robots\" content=\"index, follow, max-snippet:-1, max-image-preview:large, max-video-preview:-1\" \/>\n<link rel=\"canonical\" href=\"https:\/\/www.boisettradition.com\/index.php\/produit\/table-chene-massif-copie-6\/\" \/>\n<meta property=\"og:locale\" content=\"fr_FR\" \/>\n<meta property=\"og:type\" content=\"article\" \/>\n<meta property=\"og:title\" content=\"Table ch\u00eane massif (Copie) - Bois et Tradition\" \/>\n<meta property=\"og:description\" content=\"\u00c9l\u00e9gante et robuste, cette grande table en ch\u00eane massif s\u00e9duit par son bois noble, ses lignes \u00e9pur\u00e9es et son charme intemporel.\" \/>\n<meta property=\"og:url\" content=\"https:\/\/www.boisettradition.com\/index.php\/produit\/table-chene-massif-copie-6\/\" \/>\n<meta property=\"og:site_name\" content=\"Bois et Tradition\" \/>\n<meta property=\"article:modified_time\" content=\"2025-04-23T12:59:53+00:00\" \/>\n<meta property=\"og:image\" content=\"https:\/\/www.boisettradition.com\/wp-content\/uploads\/2025\/04\/interior-decor-with-potted-plant-table-scaled.jpg\" \/>\n\t<meta property=\"og:image:width\" content=\"1707\" \/>\n\t<meta property=\"og:image:height\" content=\"2560\" \/>\n\t<meta property=\"og:image:type\" content=\"image\/jpeg\" \/>\n<meta name=\"twitter:card\" content=\"summary_large_image\" \/>\n<meta name=\"twitter:label1\" content=\"Dur\u00e9e de lecture estim\u00e9e\" \/>\n\t<meta name=\"twitter:data1\" content=\"1 minute\" \/>\n<script type=\"application\/ld+json\" class=\"yoast-schema-graph\">{\"@context\":\"https:\\\/\\\/schema.org\",\"@graph\":[{\"@type\":\"WebPage\",\"@id\":\"https:\\\/\\\/www.boisettradition.com\\\/index.php\\\/produit\\\/table-chene-massif-copie-6\\\/\",\"url\":\"https:\\\/\\\/www.boisettradition.com\\\/index.php\\\/produit\\\/table-chene-massif-copie-6\\\/\",\"name\":\"Table ch\u00eane massif (Copie) - Bois et Tradition\",\"isPartOf\":{\"@id\":\"https:\\\/\\\/www.boisettradition.com\\\/#website\"},\"primaryImageOfPage\":{\"@id\":\"https:\\\/\\\/www.boisettradition.com\\\/index.php\\\/produit\\\/table-chene-massif-copie-6\\\/#primaryimage\"},\"image\":{\"@id\":\"https:\\\/\\\/www.boisettradition.com\\\/index.php\\\/produit\\\/table-chene-massif-copie-6\\\/#primaryimage\"},\"thumbnailUrl\":\"https:\\\/\\\/www.boisettradition.com\\\/wp-content\\\/uploads\\\/2025\\\/04\\\/interior-decor-with-potted-plant-table-scaled.jpg\",\"datePublished\":\"2025-04-23T12:57:33+00:00\",\"dateModified\":\"2025-04-23T12:59:53+00:00\",\"description\":\"\u00c9l\u00e9gante et robuste, cette grande table en ch\u00eane massif s\u00e9duit par son bois noble, ses lignes \u00e9pur\u00e9es et son charme intemporel.\",\"breadcrumb\":{\"@id\":\"https:\\\/\\\/www.boisettradition.com\\\/index.php\\\/produit\\\/table-chene-massif-copie-6\\\/#breadcrumb\"},\"inLanguage\":\"fr-FR\",\"potentialAction\":[{\"@type\":\"ReadAction\",\"target\":[\"https:\\\/\\\/www.boisettradition.com\\\/index.php\\\/produit\\\/table-chene-massif-copie-6\\\/\"]}]},{\"@type\":\"ImageObject\",\"inLanguage\":\"fr-FR\",\"@id\":\"https:\\\/\\\/www.boisettradition.com\\\/index.php\\\/produit\\\/table-chene-massif-copie-6\\\/#primaryimage\",\"url\":\"https:\\\/\\\/www.boisettradition.com\\\/wp-content\\\/uploads\\\/2025\\\/04\\\/interior-decor-with-potted-plant-table-scaled.jpg\",\"contentUrl\":\"https:\\\/\\\/www.boisettradition.com\\\/wp-content\\\/uploads\\\/2025\\\/04\\\/interior-decor-with-potted-plant-table-scaled.jpg\",\"width\":1707,\"height\":2560},{\"@type\":\"BreadcrumbList\",\"@id\":\"https:\\\/\\\/www.boisettradition.com\\\/index.php\\\/produit\\\/table-chene-massif-copie-6\\\/#breadcrumb\",\"itemListElement\":[{\"@type\":\"ListItem\",\"position\":1,\"name\":\"Accueil\",\"item\":\"https:\\\/\\\/www.boisettradition.com\\\/\"},{\"@type\":\"ListItem\",\"position\":2,\"name\":\"Products\",\"item\":\"https:\\\/\\\/www.boisettradition.com\\\/index.php\\\/boutique\\\/\"},{\"@type\":\"ListItem\",\"position\":3,\"name\":\"Table ch\u00eane massif (Copie)\"}]},{\"@type\":\"WebSite\",\"@id\":\"https:\\\/\\\/www.boisettradition.com\\\/#website\",\"url\":\"https:\\\/\\\/www.boisettradition.com\\\/\",\"name\":\"Bois et Tradition\",\"description\":\"Un M\u00e9tier, un Art, une Passion\",\"potentialAction\":[{\"@type\":\"SearchAction\",\"target\":{\"@type\":\"EntryPoint\",\"urlTemplate\":\"https:\\\/\\\/www.boisettradition.com\\\/?s={search_term_string}\"},\"query-input\":{\"@type\":\"PropertyValueSpecification\",\"valueRequired\":true,\"valueName\":\"search_term_string\"}}],\"inLanguage\":\"fr-FR\"}]}<\/script>\n<!-- \/ Yoast SEO plugin. -->","yoast_head_json":{"title":"Table ch\u00eane massif (Copie) - Bois et Tradition","description":"\u00c9l\u00e9gante et robuste, cette grande table en ch\u00eane massif s\u00e9duit par son bois noble, ses lignes \u00e9pur\u00e9es et son charme intemporel.","robots":{"index":"index","follow":"follow","max-snippet":"max-snippet:-1","max-image-preview":"max-image-preview:large","max-video-preview":"max-video-preview:-1"},"canonical":"https:\/\/www.boisettradition.com\/index.php\/produit\/table-chene-massif-copie-6\/","og_locale":"fr_FR","og_type":"article","og_title":"Table ch\u00eane massif (Copie) - Bois et Tradition","og_description":"\u00c9l\u00e9gante et robuste, cette grande table en ch\u00eane massif s\u00e9duit par son bois noble, ses lignes \u00e9pur\u00e9es et son charme intemporel.","og_url":"https:\/\/www.boisettradition.com\/index.php\/produit\/table-chene-massif-copie-6\/","og_site_name":"Bois et Tradition","article_modified_time":"2025-04-23T12:59:53+00:00","og_image":[{"width":1707,"height":2560,"url":"https:\/\/www.boisettradition.com\/wp-content\/uploads\/2025\/04\/interior-decor-with-potted-plant-table-scaled.jpg","type":"image\/jpeg"}],"twitter_card":"summary_large_image","twitter_misc":{"Dur\u00e9e de lecture estim\u00e9e":"1 minute"},"schema":{"@context":"https:\/\/schema.org","@graph":[{"@type":"WebPage","@id":"https:\/\/www.boisettradition.com\/index.php\/produit\/table-chene-massif-copie-6\/","url":"https:\/\/www.boisettradition.com\/index.php\/produit\/table-chene-massif-copie-6\/","name":"Table ch\u00eane massif (Copie) - Bois et Tradition","isPartOf":{"@id":"https:\/\/www.boisettradition.com\/#website"},"primaryImageOfPage":{"@id":"https:\/\/www.boisettradition.com\/index.php\/produit\/table-chene-massif-copie-6\/#primaryimage"},"image":{"@id":"https:\/\/www.boisettradition.com\/index.php\/produit\/table-chene-massif-copie-6\/#primaryimage"},"thumbnailUrl":"https:\/\/www.boisettradition.com\/wp-content\/uploads\/2025\/04\/interior-decor-with-potted-plant-table-scaled.jpg","datePublished":"2025-04-23T12:57:33+00:00","dateModified":"2025-04-23T12:59:53+00:00","description":"\u00c9l\u00e9gante et robuste, cette grande table en ch\u00eane massif s\u00e9duit par son bois noble, ses lignes \u00e9pur\u00e9es et son charme intemporel.","breadcrumb":{"@id":"https:\/\/www.boisettradition.com\/index.php\/produit\/table-chene-massif-copie-6\/#breadcrumb"},"inLanguage":"fr-FR","potentialAction":[{"@type":"ReadAction","target":["https:\/\/www.boisettradition.com\/index.php\/produit\/table-chene-massif-copie-6\/"]}]},{"@type":"ImageObject","inLanguage":"fr-FR","@id":"https:\/\/www.boisettradition.com\/index.php\/produit\/table-chene-massif-copie-6\/#primaryimage","url":"https:\/\/www.boisettradition.com\/wp-content\/uploads\/2025\/04\/interior-decor-with-potted-plant-table-scaled.jpg","contentUrl":"https:\/\/www.boisettradition.com\/wp-content\/uploads\/2025\/04\/interior-decor-with-potted-plant-table-scaled.jpg","width":1707,"height":2560},{"@type":"BreadcrumbList","@id":"https:\/\/www.boisettradition.com\/index.php\/produit\/table-chene-massif-copie-6\/#breadcrumb","itemListElement":[{"@type":"ListItem","position":1,"name":"Accueil","item":"https:\/\/www.boisettradition.com\/"},{"@type":"ListItem","position":2,"name":"Products","item":"https:\/\/www.boisettradition.com\/index.php\/boutique\/"},{"@type":"ListItem","position":3,"name":"Table ch\u00eane massif (Copie)"}]},{"@type":"WebSite","@id":"https:\/\/www.boisettradition.com\/#website","url":"https:\/\/www.boisettradition.com\/","name":"Bois et Tradition","description":"Un M\u00e9tier, un Art, une Passion","potentialAction":[{"@type":"SearchAction","target":{"@type":"EntryPoint","urlTemplate":"https:\/\/www.boisettradition.com\/?s={search_term_string}"},"query-input":{"@type":"PropertyValueSpecification","valueRequired":true,"valueName":"search_term_string"}}],"inLanguage":"fr-FR"}]}},"_links":{"self":[{"href":"https:\/\/www.boisettradition.com\/index.php\/wp-json\/wp\/v2\/product\/138","targetHints":{"allow":["GET"]}}],"collection":[{"href":"https:\/\/www.boisettradition.com\/index.php\/wp-json\/wp\/v2\/product"}],"about":[{"href":"https:\/\/www.boisettradition.com\/index.php\/wp-json\/wp\/v2\/types\/product"}],"replies":[{"embeddable":true,"href":"https:\/\/www.boisettradition.com\/index.php\/wp-json\/wp\/v2\/comments?post=138"}],"wp:featuredmedia":[{"embeddable":true,"href":"https:\/\/www.boisettradition.com\/index.php\/wp-json\/wp\/v2\/media\/139"}],"wp:attachment":[{"href":"https:\/\/www.boisettradition.com\/index.php\/wp-json\/wp\/v2\/media?parent=138"}],"wp:term":[{"taxonomy":"product_brand","embeddable":true,"href":"https:\/\/www.boisettradition.com\/index.php\/wp-json\/wp\/v2\/product_brand?post=138"},{"taxonomy":"product_cat","embeddable":true,"href":"https:\/\/www.boisettradition.com\/index.php\/wp-json\/wp\/v2\/product_cat?post=138"},{"taxonomy":"product_tag","embeddable":true,"href":"https:\/\/www.boisettradition.com\/index.php\/wp-json\/wp\/v2\/product_tag?post=138"}],"curies":[{"name":"wp","href":"https:\/\/api.w.org\/{rel}","templated":true}]}}